{"id":762,"date":"2018-02-09T10:00:26","date_gmt":"2018-02-09T10:00:26","guid":{"rendered":"http:\/\/s657128088.online.de\/?page_id=762"},"modified":"2025-05-25T07:54:51","modified_gmt":"2025-05-25T07:54:51","slug":"gaestebuch","status":"publish","type":"page","link":"http:\/\/www.schwarzachduo.de\/?page_id=762","title":{"rendered":"G\u00e4stebuch"},"content":{"rendered":"<div>Keine weiteren Eintr\u00e4ge m\u00f6glich<\/div>\n<div><\/div>\n<div><\/div>\n<div><\/div>\n<div id=\"gwolle-gb-total\" class=\"gwolle-gb-total\">13 Eintr\u00e4ge<\/div>\n<div class=\"gb-entry gb-entry_76 gb-entry-count_1 gwolle_gb_uneven gwolle-gb-uneven gwolle-gb-first\" data-entry_id=\"76\">\n<article>\n<div class=\"gb-author-info\"><span class=\"gb-author-name\">Beate Fr\u00f6hlich\u00a0<\/span><span class=\"gb-datetime\"><span class=\"gb-date\"><span class=\"gb-date-wrote-text\">schrieb am<\/span><span class=\"gb-date-text\">\u00a0September 11, 2019<\/span><\/span><\/span><\/div>\n<div class=\"gb-entry-content\">Hallo liebes Schwarzach Duo ,eine Frage spielt Ihr im Oktober im Tivoli in P\u00f6sing ? LG Beate<\/p>\n<\/div>\n<div class=\"gb-metabox-handle\" tabindex=\"0\">&#8230;<span class=\"screen-reader-text\">Diese Metabox ein-\/ausblenden.<\/span><\/div>\n<\/article>\n<\/div>\n<div class=\"gb-entry gb-entry_48 gb-entry-count_2 gwolle_gb_even gwolle-gb-even\" data-entry_id=\"48\">\n<article>\n<div class=\"gb-author-info\"><span class=\"gb-author-name\">Beate Fr\u00f6hlich\u00a0<\/span><span class=\"gb-datetime\"><span class=\"gb-date\"><span class=\"gb-date-wrote-text\">schrieb am<\/span><span class=\"gb-date-text\">\u00a0August 4, 2018<\/span><\/span><\/span><\/div>\n<div class=\"gb-entry-content\">Hallo liebes Schwarzach DuoEure neue CD ist echt super , so wundersch\u00f6ne<\/p>\n<p>Lieder ! Wundervoll gesungen von Euch.<\/p>\n<p>Liebe Gr\u00fc\u00dfe von eurem Fan Beate Fr\u00f6hlich<\/p>\n<\/div>\n<div class=\"gb-entry-admin_reply\">\n<div class=\"gb-admin_reply_uid gb-admin-reply-uid\"><em>Administrator-Antwort von: Schwarzach Duo<\/em><\/div>\n<div class=\"gb-admin_reply_content gb-admin-reply-content\">Liebe Beate,es freut uns sehr, dass dir unser neues Album gef\u00e4llt. Wir w\u00fcnschen dir weiterhin viel Spa\u00df mit unserer Musik.<\/p>\n<p>Viele Gr\u00fc\u00dfe<br \/>\nvom Schwarzach Duo<br \/>\nFranz und Hermann<\/p>\n<\/div>\n<\/div>\n<div class=\"gb-metabox-handle\" tabindex=\"0\">&#8230;<span class=\"screen-reader-text\">Diese Metabox ein-\/ausblenden.<\/span><\/div>\n<\/article>\n<\/div>\n<div class=\"gb-entry gb-entry_43 gb-entry-count_3 gwolle_gb_uneven gwolle-gb-uneven\" data-entry_id=\"43\">\n<article>\n<div class=\"gb-author-info\"><span class=\"gb-author-name\">Andrea und Michael\u00a0<\/span><span class=\"gb-datetime\"><span class=\"gb-date\"><span class=\"gb-date-wrote-text\">schrieb am<\/span><span class=\"gb-date-text\">\u00a0Juli 30, 2018<\/span><\/span><\/span><\/div>\n<div class=\"gb-entry-content\">Hallo liebe Andrea,<br \/>\nwir haben uns sehr gefreut Dich dieses Jahr wieder mit dem Franz und dem Hermann in Viernheim singen zu h\u00f6ren. Wenn Du mitmachst ist es einfach noch mindestens ein Pluspunkt mehr dazu. Man sp\u00fcrt Deine Liebe zur Musik und das kommt genauso zu uns r\u00fcber. Wir hatten sehr viel Freude und Spa\u00df mit Euch und hoffen auf ein Wiedersehen 2019 mit &#8222;Rosegarden&#8220;.<br \/>\nViele Gr\u00fc\u00dfe auch an Euere Familien<br \/>\nAndrea und Michael<\/div>\n<div class=\"gb-entry-admin_reply\">\n<div class=\"gb-admin_reply_uid gb-admin-reply-uid\"><em>Administrator-Antwort von: Schwarzach Duo<\/em><\/div>\n<div class=\"gb-admin_reply_content gb-admin-reply-content\">Liebe Andrea, lieber Michael,vielen Dank f\u00fcr dieses Kompliment, welches wir gerne an Andrea weiterleiten&#8230; Es freut uns, dass wir auch als &#8222;Trio&#8220; guten Anklang finden.<\/p>\n<p>Wir sehen uns 2019!<\/p>\n<p>Viele Gr\u00fc\u00dfe<br \/>\nvom Schwarzach Duo<br \/>\nHermann und Franz<\/p>\n<\/div>\n<\/div>\n<div class=\"gb-metabox-handle\" tabindex=\"0\">&#8230;<span class=\"screen-reader-text\">Diese Metabox ein-\/ausblenden.<\/span><\/div>\n<\/article>\n<\/div>\n<div class=\"gb-entry gb-entry_2 gb-entry-count_4 gwolle_gb_even gwolle-gb-even\" data-entry_id=\"2\">\n<article>\n<div class=\"gb-author-info\"><span class=\"gb-author-name\"><i class=\"gb-moderator\">Andrea<\/i>\u00a0<\/span><span class=\"gb-datetime\"><span class=\"gb-date\"><span class=\"gb-date-wrote-text\">schrieb am<\/span><span class=\"gb-date-text\">\u00a0Juli 28, 2015<\/span><\/span><\/span><\/div>\n<div class=\"gb-entry-content\">100j\u00e4hriges Sommerfest 2015 beim CdG Viernheim,Lieber Franz und lieber Hermann,<br \/>\nwir haben uns besonders \u00fcber das Lied &#8222;Rosegarden&#8220; von der Andrea gesungen gefreut. Andrea hat es sehr authentisch r\u00fcbergebracht. Auch die anderen gesungenen Lieder von ihr waren einfach toll.<br \/>\nWir freuen uns auf das n\u00e4chste Jahr auf Euch.<br \/>\nGr\u00fc\u00dfe aus Viernheim<br \/>\nMichael und Andrea<\/p>\n<\/div>\n<div class=\"gb-metabox-handle\" tabindex=\"0\">&#8230;<span class=\"screen-reader-text\">Diese Metabox ein-\/ausblenden.<\/span><\/div>\n<\/article>\n<\/div>\n<div class=\"gb-entry gb-entry_3 gb-entry-count_5 gwolle_gb_uneven gwolle-gb-uneven\" data-entry_id=\"3\">\n<article>\n<div class=\"gb-author-info\"><span class=\"gb-author-name\"><i class=\"gb-moderator\">Etel<\/i>\u00a0<\/span><span class=\"gb-datetime\"><span class=\"gb-date\"><span class=\"gb-date-wrote-text\">schrieb am<\/span><span class=\"gb-date-text\">\u00a0Juli 30, 2013<\/span><\/span><\/span><\/div>\n<div class=\"gb-entry-content\">Hallo ihr beiden&#8230;..wie versprochen am letzten Sonntag<br \/>\nschreibe ich hier etwas rein &#8230;.vor 20 Jahren habt ihr angefangen f\u00fcr den CdG zu<br \/>\nspielen da war ich Prinzessin &#8230;..Etel 1 von Pergolien &#8230;seitdem macht ihr immer<br \/>\nsuper Stimmung in Viernheim &#8230;..dankesch\u00f6n daf\u00fcr &#8230;.ach und n\u00e4chstes Jahr<br \/>\nl\u00f6ffeln wir zusammen :-)&#8230;..<br \/>\nliebe gr\u00fc\u00dfe Etel<\/div>\n<div class=\"gb-metabox-handle\" tabindex=\"0\">&#8230;<span class=\"screen-reader-text\">Diese Metabox ein-\/ausblenden.<\/span><\/div>\n<\/article>\n<\/div>\n<div class=\"gb-entry gb-entry_4 gb-entry-count_6 gwolle_gb_even gwolle-gb-even\" data-entry_id=\"4\">\n<article>\n<div class=\"gb-author-info\"><span class=\"gb-author-name\"><i class=\"gb-moderator\">Karl Reuter<\/i>\u00a0<\/span><span class=\"gb-datetime\"><span class=\"gb-date\"><span class=\"gb-date-wrote-text\">schrieb am<\/span><span class=\"gb-date-text\">\u00a0April 7, 2013<\/span><\/span><\/span><\/div>\n<div class=\"gb-entry-content\">Hallo Franz und Hermann!!<br \/>\nEin gro\u00dfes Lob f\u00fcr Euere Benefizveranstaltung zum 25 j\u00e4hrigen B\u00fchnenauftritt das wir bei Euch mit erleben durften.Das &#8222;Schwarzach Duo&#8220; wie es seid 25 Jahren lebt und besteht.<\/p>\n<p>Wir feuen uns jetzt schon wenn Ihr zum 20 male nach Viernheim zum bayrischen Sommerfest am 27. und 28 Juli 2013 kommt.<\/p>\n<p>Mit n\u00e4rrischen Gr\u00fc\u00dfen<br \/>\nKarl Reuter<br \/>\nKV Club der Gem\u00fctlichen 1915 e. V. Viernheim<\/p>\n<\/div>\n<div class=\"gb-metabox-handle\" tabindex=\"0\">&#8230;<span class=\"screen-reader-text\">Diese Metabox ein-\/ausblenden.<\/span><\/div>\n<\/article>\n<\/div>\n<div class=\"gb-entry gb-entry_5 gb-entry-count_7 gwolle_gb_uneven gwolle-gb-uneven\" data-entry_id=\"5\">\n<article>\n<div class=\"gb-author-info\"><span class=\"gb-author-name\"><i class=\"gb-moderator\">Anneliese<\/i>\u00a0<\/span><span class=\"gb-datetime\"><span class=\"gb-date\"><span class=\"gb-date-wrote-text\">schrieb am<\/span><span class=\"gb-date-text\">\u00a0Juli 31, 2012<\/span><\/span><\/span><\/div>\n<div class=\"gb-entry-content\">Wir danken euch f\u00fcr das WIDERMAL Sensationelle Wochenende in Viernheim&#8230;<br \/>\nIhr seit einfach super tolle S\u00e4nger und Unterhalter&#8230;..<br \/>\nWir kommen schon seit 18 Jahren um mit euch zu feiern, hoffen es werden noch ein paar Jahre<br \/>\nmehr&#8230;.<br \/>\nMacht weiter so, ihr seit einfach toll !!!!!!!!Eure Anneliese mit Kinder<\/p>\n<\/div>\n<div class=\"gb-metabox-handle\" tabindex=\"0\">&#8230;<span class=\"screen-reader-text\">Diese Metabox ein-\/ausblenden.<\/span><\/div>\n<\/article>\n<\/div>\n<div class=\"gb-entry gb-entry_6 gb-entry-count_8 gwolle_gb_even gwolle-gb-even\" data-entry_id=\"6\">\n<article>\n<div class=\"gb-author-info\"><span class=\"gb-author-name\"><i class=\"gb-moderator\">Stefan Sp\u00e4th<\/i>\u00a0<\/span><span class=\"gb-datetime\"><span class=\"gb-date\"><span class=\"gb-date-wrote-text\">schrieb am<\/span><span class=\"gb-date-text\">\u00a0September 12, 2011<\/span><\/span><\/span><\/div>\n<div class=\"gb-entry-content\">Servus Kollegen&#8230; I woid amoi wieda an Gruas doloussn &#8211; an scheena. I hoff es geht eich guad und man segt se amoi wieder. Vui Griass vom Duo &#8222;Woast scho&#8230;!!!&#8220; Stefan &amp; Andi<\/div>\n<div class=\"gb-metabox-handle\" tabindex=\"0\">&#8230;<span class=\"screen-reader-text\">Diese Metabox ein-\/ausblenden.<\/span><\/div>\n<\/article>\n<\/div>\n<div class=\"gb-entry gb-entry_8 gb-entry-count_9 gwolle_gb_uneven gwolle-gb-uneven\" data-entry_id=\"8\">\n<article>\n<div class=\"gb-author-info\"><span class=\"gb-author-name\"><i class=\"gb-moderator\">Stefan Sp\u00e4th<\/i>\u00a0<\/span><span class=\"gb-datetime\"><span class=\"gb-date\"><span class=\"gb-date-wrote-text\">schrieb am<\/span><span class=\"gb-date-text\">\u00a0Dezember 31, 2009<\/span><\/span><\/span><\/div>\n<div class=\"gb-entry-content\">Servus Burschen. Wir w\u00fcnschen Euch auch einen guten Rutsch ins neue Jahr! Nat\u00fcrlich vui Gsundheit und Erfolg weiterhin. Stefan &amp; Andi vom Duo Woast scho<\/div>\n<div class=\"gb-metabox-handle\" tabindex=\"0\">&#8230;<span class=\"screen-reader-text\">Diese Metabox ein-\/ausblenden.<\/span><\/div>\n<\/article>\n<\/div>\n<div class=\"gb-entry gb-entry_7 gb-entry-count_10 gwolle_gb_even gwolle-gb-even\" data-entry_id=\"7\">\n<article>\n<div class=\"gb-author-info\"><span class=\"gb-author-name\"><i class=\"gb-moderator\">Klaus Dobmeier<\/i>\u00a0<\/span><span class=\"gb-datetime\"><span class=\"gb-date\"><span class=\"gb-date-wrote-text\">schrieb am<\/span><span class=\"gb-date-text\">\u00a0Dezember 31, 2009<\/span><\/span><\/span><\/div>\n<div class=\"gb-entry-content\">Hallo Ihr Beiden.auch Euch ein gl\u00fcckliches neues Jahr mit sch\u00f6nen Musikauftritten, allzeit z\u00fcnftigen G\u00e4sten, guten Gagen&#8230;. und und und.<\/p>\n<p>Herzliche Gr\u00fc\u00dfe von den Bayerwaldsternen<br \/>\nhttp:\/\/www.bayerwaldsterne.de<\/p>\n<\/div>\n<div class=\"gb-metabox-handle\" tabindex=\"0\">&#8230;<span class=\"screen-reader-text\">Diese Metabox ein-\/ausblenden.<\/span><\/div>\n<\/article>\n<\/div>\n<div class=\"gb-entry gb-entry_9 gb-entry-count_11 gwolle_gb_uneven gwolle-gb-uneven\" data-entry_id=\"9\">\n<article>\n<div class=\"gb-author-info\"><span class=\"gb-author-name\"><i class=\"gb-moderator\">Martin Dom<\/i>\u00a0<\/span><span class=\"gb-datetime\"><span class=\"gb-date\"><span class=\"gb-date-wrote-text\">schrieb am<\/span><span class=\"gb-date-text\">\u00a0Oktober 25, 2009<\/span><\/span><\/span><\/div>\n<div class=\"gb-entry-content\">Lieber Hermann, lieber Franz,<br \/>\nes hat mich sehr gefreut, Euch bei Andy`s Musikparadies kennen zu lernen.<br \/>\nIch hoffe, wir sehen uns schon bald irgendwo wieder.<br \/>\nIhr seid pfundige Burschen und macht super Musik.<br \/>\nLiebe Gr\u00fc\u00dfe aus dem Schwarzwald sendet Euch<br \/>\nMartin<\/div>\n<div class=\"gb-metabox-handle\" tabindex=\"0\">&#8230;<span class=\"screen-reader-text\">Diese Metabox ein-\/ausblenden.<\/span><\/div>\n<\/article>\n<\/div>\n<div class=\"gb-entry gb-entry_10 gb-entry-count_12 gwolle_gb_even gwolle-gb-even\" data-entry_id=\"10\">\n<article>\n<div class=\"gb-author-info\"><span class=\"gb-author-name\"><i class=\"gb-moderator\">Ramona Fottner<\/i>\u00a0<\/span><span class=\"gb-datetime\"><span class=\"gb-date\"><span class=\"gb-date-wrote-text\">schrieb am<\/span><span class=\"gb-date-text\">\u00a0Oktober 16, 2009<\/span><\/span><\/span><\/div>\n<div class=\"gb-entry-content\">Liebes Schwarzach Duo,<br \/>\nDanke f\u00fcr den tollen G\u00e4stebucheintrag!<br \/>\nIhr seid auch ganz liebe. Ich w\u00fcnsch euch weiterhin viel Erfolg<br \/>\nund hoffe, dass wir uns bald wieder sehen.<br \/>\nMusikalische Gr\u00fc\u00dfe, ramona.<\/div>\n<div class=\"gb-metabox-handle\" tabindex=\"0\">&#8230;<span class=\"screen-reader-text\">Diese Metabox ein-\/ausblenden.<\/span><\/div>\n<\/article>\n<\/div>\n<div class=\"gb-entry gb-entry_11 gb-entry-count_13 gwolle_gb_uneven gwolle-gb-uneven\" data-entry_id=\"11\">\n<article>\n<div class=\"gb-author-info\"><span class=\"gb-author-name\"><i class=\"gb-moderator\">Anna und Michele Fadda<\/i>\u00a0<\/span><span class=\"gb-datetime\"><span class=\"gb-date\"><span class=\"gb-date-wrote-text\">schrieb am<\/span><span class=\"gb-date-text\">\u00a0Oktober 12, 2009<\/span><\/span><\/span><\/div>\n<div class=\"gb-entry-content\">Hallo Schwarzach duo,<br \/>\nwir haben uns auf Eurer HP umgesehen, sehr sch\u00f6ne Seiten! Wir waren bei Eurem Auftritt dabei in Waldbronn-Neurod, super, ganz toll. Auf unsrer Homepage www.michele-anna.npage.de unter K\u00fcnstler-Bilderbuch, Bilderbuch mit Andy<br \/>\nsind die Fotos vom Musikparadies 09.10.09 auch schon dabei, wenn Ihr wollt k\u00f6nnt Ihr sie anschauenWir w\u00fcnschen viel Spa\u00df auf unserer Homepage<br \/>\nund herzliche Gr\u00fc\u00dfe von Anna und Michele Fadda<\/p>\n<\/div>\n<\/article>\n<\/div>\n","protected":false},"excerpt":{"rendered":"<p>Keine weiteren Eintr\u00e4ge m\u00f6glich 13 Eintr\u00e4ge Beate Fr\u00f6hlich\u00a0schrieb am\u00a0September 11, 2019 Hallo liebes Schwarzach Duo ,eine Frage spielt Ihr im Oktober im Tivoli in P\u00f6sing ? LG Beate &#8230;Diese Metabox ein-\/ausblenden. Beate Fr\u00f6hlich\u00a0schrieb am\u00a0August 4, 2018 Hallo liebes Schwarzach DuoEure neue CD ist echt super , so wundersch\u00f6ne Lieder !\u2026 <a class=\"continue-reading-link\" href=\"http:\/\/www.schwarzachduo.de\/?page_id=762\">Continue reading<\/a><\/p>\n","protected":false},"author":1,"featured_media":0,"parent":0,"menu_order":0,"comment_status":"closed","ping_status":"closed","template":"","meta":{"footnotes":""},"class_list":["post-762","page","type-page","status-publish","hentry"],"_links":{"self":[{"href":"http:\/\/www.schwarzachduo.de\/index.php?rest_route=\/wp\/v2\/pages\/762","targetHints":{"allow":["GET"]}}],"collection":[{"href":"http:\/\/www.schwarzachduo.de\/index.php?rest_route=\/wp\/v2\/pages"}],"about":[{"href":"http:\/\/www.schwarzachduo.de\/index.php?rest_route=\/wp\/v2\/types\/page"}],"author":[{"embeddable":true,"href":"http:\/\/www.schwarzachduo.de\/index.php?rest_route=\/wp\/v2\/users\/1"}],"replies":[{"embeddable":true,"href":"http:\/\/www.schwarzachduo.de\/index.php?rest_route=%2Fwp%2Fv2%2Fcomments&post=762"}],"version-history":[{"count":3,"href":"http:\/\/www.schwarzachduo.de\/index.php?rest_route=\/wp\/v2\/pages\/762\/revisions"}],"predecessor-version":[{"id":925,"href":"http:\/\/www.schwarzachduo.de\/index.php?rest_route=\/wp\/v2\/pages\/762\/revisions\/925"}],"wp:attachment":[{"href":"http:\/\/www.schwarzachduo.de\/index.php?rest_route=%2Fwp%2Fv2%2Fmedia&parent=762"}],"curies":[{"name":"wp","href":"https:\/\/api.w.org\/{rel}","templated":true}]}}