{"id":10,"date":"2016-11-23T19:18:57","date_gmt":"2016-11-23T19:18:57","guid":{"rendered":"http:\/\/s657128088.online.de\/?page_id=10"},"modified":"2025-05-25T07:52:30","modified_gmt":"2025-05-25T07:52:30","slug":"ueber-uns","status":"publish","type":"page","link":"http:\/\/www.schwarzachduo.de\/?page_id=10","title":{"rendered":"\u00dcber uns"},"content":{"rendered":"\n<p>&nbsp;<\/p>\n\n\n\n<div class=\"wp-block-group is-layout-grid wp-container-core-group-is-layout-9649a0d9 wp-block-group-is-layout-grid\">\n<div class=\"wp-block-columns is-layout-flex wp-container-core-columns-is-layout-9d6595d7 wp-block-columns-is-layout-flex\">\n<div class=\"wp-block-column is-layout-flow wp-block-column-is-layout-flow\" style=\"flex-basis:100%\">\n<div class=\"wp-block-columns is-layout-flex wp-container-core-columns-is-layout-9d6595d7 wp-block-columns-is-layout-flex\">\n<div class=\"wp-block-column is-layout-flow wp-block-column-is-layout-flow\">\n<figure class=\"wp-block-image size-full\"><img loading=\"lazy\" decoding=\"async\" width=\"81\" height=\"100\" src=\"http:\/\/www.schwarzachduo.de\/wp-content\/uploads\/2016\/11\/passfoto-hermann.jpg\" alt=\"\" class=\"wp-image-146\"\/><figcaption class=\"wp-element-caption\">Hermann Voith<\/figcaption><\/figure>\n<\/div>\n\n\n\n<div class=\"wp-block-column is-layout-flow wp-block-column-is-layout-flow\">\n<figure class=\"wp-block-image size-full\"><img loading=\"lazy\" decoding=\"async\" width=\"81\" height=\"100\" src=\"http:\/\/www.schwarzachduo.de\/wp-content\/uploads\/2016\/11\/passfoto-franz.jpg\" alt=\"\" class=\"wp-image-144\"\/><figcaption class=\"wp-element-caption\">Franz Schneider<\/figcaption><\/figure>\n<\/div>\n<\/div>\n<\/div>\n<\/div>\n<\/div>\n\n\n\n<hr class=\"wp-block-separator has-alpha-channel-opacity\"\/>\n\n\n\n<p><\/p>\n\n\n<div class=\"wp-block-image\">\n<figure class=\"alignleft size-full\"><img loading=\"lazy\" decoding=\"async\" width=\"139\" height=\"109\" src=\"http:\/\/www.schwarzachduo.de\/wp-content\/uploads\/2018\/02\/sd30jahre-stickerv2.png\" alt=\"\" class=\"wp-image-808\"\/><\/figure><\/div>\n\n\n<p><\/p>\n\n\n\n<h2 class=\"wp-block-heading\">2018 ist Jubil\u00e4umsjahr!<\/h2>\n\n\n\n<p>Wir feiern unser 30-j\u00e4hriges B\u00fchnenjubil\u00e4um. Zu diesem Anlass gibt\u2019s unser frisch erschienenes Album \u201eDi gibts nur oamoi\u201c! Am Besten gleich reinh\u00f6ren\u2026<\/p>\n\n\n\n<p><a href=\"https:\/\/youtu.be\/xzVfShoo7fk\">Zum Youtube-Video<\/a><\/p>\n\n\n\n<p>&nbsp;<\/p>\n\n\n\n<hr class=\"wp-block-separator has-alpha-channel-opacity\"\/>\n\n\n\n<h2 class=\"wp-block-heading\">Unsere Vita<\/h2>\n\n\n\n<figure class=\"wp-block-table\"><table><tbody><tr><td><span class=\"TabbedPanelsContentGroup\">Weihnachten 1987<\/span><\/td><td><span class=\"TabbedPanelsContentGroup\">\u00dcbernahme der musikalischen Umrahmung einer Weihnachtsfeier in Sch\u00f6nthal = die Geburtsstunde des Schwarzach-Duos<\/span><\/td><\/tr><tr><td><span class=\"TabbedPanelsContentGroup\">1988<\/span><\/td><td><span class=\"TabbedPanelsContentGroup\">Mehrere private Veranstaltungen<\/span><\/td><\/tr><tr><td><span class=\"TabbedPanelsContentGroup\">Dezember 1988<\/span><\/td><td><span class=\"TabbedPanelsContentGroup\">Offizielle Gr\u00fcndung des &#8222;Schwarzach-Duos&#8220;<\/span><\/td><\/tr><tr><td><span class=\"TabbedPanelsContentGroup\">April 1997<\/span><\/td><td><span class=\"TabbedPanelsContentGroup\">Konzert in Aalen zusammen mit Oswald Sattler aus S\u00fcdtirol<\/span><\/td><\/tr><tr><td><span class=\"TabbedPanelsContentGroup\">August 1997<\/span><\/td><td><span class=\"TabbedPanelsContentGroup\">Erscheinen unseres Tontr\u00e4gers &#8222;Die Br\u00fccke ins ewige Licht&#8220; (produziert bei Tyrolis)<\/span><\/td><\/tr><tr><td><span class=\"TabbedPanelsContentGroup\">M\u00e4rz 1998<\/span><\/td><td><span class=\"TabbedPanelsContentGroup\">10-j\u00e4hriges B\u00fchnenjubil\u00e4um in der TV-Halle Waldm\u00fcnchen (Benefizkonzert), musikalische G\u00e4ste u.a. Duo W\u00f6rle, der Reinerl\u00f6s wurde der Jugendfeuerwehr \u00fcbergeben<\/span><\/td><\/tr><tr><td><span class=\"TabbedPanelsContentGroup\">Dezember 1998<\/span><\/td><td><span class=\"TabbedPanelsContentGroup\">Tanzparty-live von Radio ISW aus Burgkirchen mit Stargast Oliver Thomas<\/span><\/td><\/tr><tr><td><span class=\"TabbedPanelsContentGroup\">Juli 1999<\/span><\/td><td><span class=\"TabbedPanelsContentGroup\">Radio-Fr\u00fchschoppen von <a href=\"http:\/\/www.radioawn.de\/\" target=\"_blank\" rel=\"noopener noreferrer\">Radio AWN Straubing<\/a> (Live-\u00dcbertragung aus dem Festzelt Bogen) zusammen mit Brigitte Tr\u00e4ger und Duo W\u00f6rle<\/span><\/td><\/tr><tr><td><span class=\"TabbedPanelsContentGroup\">M\u00e4rz 2001<\/span><\/td><td><span class=\"TabbedPanelsContentGroup\">Erscheinen unserer zweiten Produktion &#8222;Ich schenk Dir tausend rote Rosen&#8220; (produziert bei Tyrolis)<\/span><\/td><\/tr><tr><td><span class=\"TabbedPanelsContentGroup\">August 2001<\/span><\/td><td><span class=\"TabbedPanelsContentGroup\">Tanzparty-live von Radio ISW, Starg\u00e4ste Kurt Els\u00e4sser und Sabinara<\/span><\/td><\/tr><tr><td><span class=\"TabbedPanelsContentGroup\">September 2001<\/span><\/td><td><span class=\"TabbedPanelsContentGroup\">Live-Auftritt bei der H\u00f6rerreise von Radio BB Sindelfingen<\/span><\/td><\/tr><tr><td><span class=\"TabbedPanelsContentGroup\">M\u00e4rz 2005<\/span><\/td><td><span class=\"TabbedPanelsContentGroup\">Erster Fernsehauftritt (Aufzeichnung) im <a href=\"http:\/\/www.musikkarussell.at\/\" target=\"_blank\" rel=\"noopener noreferrer\">K-TV-Studio in Dornbirn<\/a> (\u00d6sterreich) f\u00fcr die Sendung &#8222;Musikkarussell&#8220;<\/span><\/td><\/tr><tr><td><span class=\"TabbedPanelsContentGroup\">M\u00e4rz 2007<\/span><\/td><td><span class=\"TabbedPanelsContentGroup\">TV-Aufzeichnung f\u00fcr das volkst\u00fcmliche Deutsche Schlagermagazin, <a href=\"http:\/\/www.youtube.com\/watch?v=LBJuGec0rN8\" target=\"_blank\" rel=\"noopener noreferrer\">(Hier Video ansehen) <\/a>im Tanzlokal Mauth M1 in Nittenau<\/span><\/td><\/tr><tr><td><span class=\"TabbedPanelsContentGroup\">Juli 2007<\/span><\/td><td><span class=\"TabbedPanelsContentGroup\">Weltrekord f\u00fcr die l\u00e4ngste Schlager- und Volksmusik-Sendung der Welt, die 36 Stunden Live-\u00dcbertragung erfolgte aus den Studios der Alten Event-Fabrik (MP-TV) in Waldbronn-Neurod (bei Karlsruhe, Moderation Andy Hocewar)<\/span><\/td><\/tr><tr><td><span class=\"TabbedPanelsContentGroup\">M\u00e4rz 2008<\/span><\/td><td><span class=\"TabbedPanelsContentGroup\">20-j\u00e4hriges B\u00fchnenjubil\u00e4um (Benefizkonzert zugunsten der Jugendfeuerwehr) in der Festhalle Waldm\u00fcnchen, G\u00e4ste waren Walter Oberbrandacher, das Duo W\u00f6rle, FFW Blaskapelle D\u00f6fering und Andrea Schneider, Moderation <a href=\"http:\/\/www.josef-baeff-piendl.de\/\" target=\"_blank\" rel=\"noopener noreferrer\">Humorist und G&#8217;stanzls\u00e4nger B\u00e4ff (Josef Piendl)<\/a><\/span><\/td><\/tr><tr><td><span class=\"TabbedPanelsContentGroup\">August 2008<\/span><\/td><td><span class=\"TabbedPanelsContentGroup\">TV-Aufzeichnung f\u00fcr das volkst\u00fcmliche Deutsche Schlagermagazin <a href=\"http:\/\/www.youtube.com\/watch?v=EpVKRS0G13U\" target=\"_blank\" rel=\"noopener noreferrer\">(Hier Video ansehen)<\/a>, aus dem Festzelt in Nittenau<\/span><\/td><\/tr><tr><td><span class=\"TabbedPanelsContentGroup\">Sommer 2009<\/span><\/td><td><span class=\"TabbedPanelsContentGroup\">Aufnahme unserer zwei neuesten Titel &#8222;Du sch\u00f6ne Bayerw\u00e4ldlerin&#8220;, &#8222;Und tr\u00e4umen darfst Du auch&#8220; im Tonstudio <a href=\"http:\/\/www.woerle-musicland.de\/\" target=\"_blank\" rel=\"noopener noreferrer\">W\u00f6rle-Musicland<\/a> in Beisweil<\/span><\/td><\/tr><tr><td><span class=\"TabbedPanelsContentGroup\">Oktober 2009<\/span><\/td><td><span class=\"TabbedPanelsContentGroup\">Vorstellung unserer brandneuen Titel bei <a href=\"http:\/\/www.andy-musik.com\/index.html\" target=\"_blank\" rel=\"noopener noreferrer\">Andys Musikparadies<\/a>, weitere G\u00e4ste waren u.a. Ramona Fottner, Martin Dom<\/span><\/td><\/tr><\/tbody><\/table><\/figure>\n","protected":false},"excerpt":{"rendered":"<p>&nbsp; 2018 ist Jubil\u00e4umsjahr! Wir feiern unser 30-j\u00e4hriges B\u00fchnenjubil\u00e4um. Zu diesem Anlass gibt\u2019s unser frisch erschienenes Album \u201eDi gibts nur oamoi\u201c! Am Besten gleich reinh\u00f6ren\u2026 Zum Youtube-Video &nbsp; Unsere Vita Weihnachten 1987 \u00dcbernahme der musikalischen Umrahmung einer Weihnachtsfeier in Sch\u00f6nthal = die Geburtsstunde des Schwarzach-Duos 1988 Mehrere private Veranstaltungen Dezember\u2026 <a class=\"continue-reading-link\" href=\"http:\/\/www.schwarzachduo.de\/?page_id=10\">Continue reading<\/a><\/p>\n","protected":false},"author":1,"featured_media":0,"parent":2,"menu_order":0,"comment_status":"closed","ping_status":"closed","template":"","meta":{"footnotes":""},"class_list":["post-10","page","type-page","status-publish","hentry"],"_links":{"self":[{"href":"http:\/\/www.schwarzachduo.de\/index.php?rest_route=\/wp\/v2\/pages\/10","targetHints":{"allow":["GET"]}}],"collection":[{"href":"http:\/\/www.schwarzachduo.de\/index.php?rest_route=\/wp\/v2\/pages"}],"about":[{"href":"http:\/\/www.schwarzachduo.de\/index.php?rest_route=\/wp\/v2\/types\/page"}],"author":[{"embeddable":true,"href":"http:\/\/www.schwarzachduo.de\/index.php?rest_route=\/wp\/v2\/users\/1"}],"replies":[{"embeddable":true,"href":"http:\/\/www.schwarzachduo.de\/index.php?rest_route=%2Fwp%2Fv2%2Fcomments&post=10"}],"version-history":[{"count":66,"href":"http:\/\/www.schwarzachduo.de\/index.php?rest_route=\/wp\/v2\/pages\/10\/revisions"}],"predecessor-version":[{"id":924,"href":"http:\/\/www.schwarzachduo.de\/index.php?rest_route=\/wp\/v2\/pages\/10\/revisions\/924"}],"up":[{"embeddable":true,"href":"http:\/\/www.schwarzachduo.de\/index.php?rest_route=\/wp\/v2\/pages\/2"}],"wp:attachment":[{"href":"http:\/\/www.schwarzachduo.de\/index.php?rest_route=%2Fwp%2Fv2%2Fmedia&parent=10"}],"curies":[{"name":"wp","href":"https:\/\/api.w.org\/{rel}","templated":true}]}}